{"id":1145,"date":"2020-06-27T12:30:20","date_gmt":"2020-06-27T12:30:20","guid":{"rendered":"http:\/\/unissonshaiti.com\/?page_id=1145"},"modified":"2021-05-10T19:15:48","modified_gmt":"2021-05-10T19:15:48","slug":"contact","status":"publish","type":"page","link":"https:\/\/unissonshaiti.com\/?page_id=1145","title":{"rendered":"CONTACT"},"content":{"rendered":"\n<p class=\"wpcf7-contact-form-not-found\"><strong>Erreur\u00a0:<\/strong> Formulaire de contact non trouv\u00e9\u00a0!<\/p>\n\t\t\n\t\t\tUnissons nous est un m\u00e9dia en ligne libre. Ses journalistes sont ind\u00e9pendants. Libres, ils peuvent \u00e9crire sur tous sujets avec, toutefois, l&rsquo;obligation de se montrer responsables en respectant les r\u00e8gles d\u00e9ontologiques du m\u00e9tier.\t\t\n\t\t\t<h2>Pour toute question, ou si vous voulez partager une information avec la r\u00e9daction, merci de nous contacter :<\/h2>\t\t\n\t\t\t\t\t<ul>\n\t\t\t\t\t\t\t<li>\n\t\t\t\t\t<a href=\"http:\/\/wendy.phele@unissonshaiti.com\">\t\t\t\t\t\t\n\t\t\t\t\t\t\t\t\t\tPar email : wendy.phele@unissonshaiti.com\n\t\t\t\t\t\t\t\t\t\t\t<\/a>\n\t\t\t\t\t\t\t\t\t<\/li>\n\t\t\t\t\t\t\t\t<li>\n\t\t\t\t\t\t\t\t\t\tPar t\u00e9l : +33 673 30 48 96\n\t\t\t\t\t\t\t\t\t<\/li>\n\t\t\t\t\t\t<\/ul>\n\t\t\t\t\t<a href=\"https:\/\/www.facebook.com\/wendyphele\" target=\"_blank\" rel=\"noopener\">\n\t\t\t\t\t\tFacebook\n\t\t\t\t\t\t\t\t\t\t\t<\/a>\n\t\t\t\t\t<a href=\"https:\/\/twitter.com\/Windyphele1\" target=\"_blank\" rel=\"noopener\">\n\t\t\t\t\t\tTwitter\n\t\t\t\t\t\t\t\t\t\t\t<\/a>\n\t\t\t\t\t<a href=\"https:\/\/www.youtube.com\/channel\/UCi6trblthhr_E3oYLsFJBuw\" target=\"_blank\" rel=\"noopener\">\n\t\t\t\t\t\tYoutube\n\t\t\t\t\t\t\t\t\t\t\t<\/a>\n\t\t<iframe loading=\"lazy\" title=\"Visit\u00e9 guid\u00e9e : Cath\u00e9drale Notre Dame de strasbourg\" width=\"618\" height=\"348\" src=\"https:\/\/www.youtube.com\/embed\/M5k7r1jcKKQ?feature=oembed\" frameborder=\"0\" allow=\"accelerometer; autoplay; clipboard-write; encrypted-media; gyroscope; picture-in-picture; web-share\" referrerpolicy=\"strict-origin-when-cross-origin\" allowfullscreen><\/iframe>","protected":false},"excerpt":{"rendered":"<p>Unissons nous est un m\u00e9dia en ligne libre. Ses journalistes sont ind\u00e9pendants. Libres, ils peuvent \u00e9crire sur tous sujets avec, toutefois, l&rsquo;obligation de se montrer responsables en respectant les r\u00e8gles d\u00e9ontologiques du m\u00e9tier. Pour toute question, ou si vous voulez partager une information avec la r\u00e9daction, merci de nous contacter : Par email : wendy.phele@unissonshaiti.com &hellip;<\/p>\n","protected":false},"author":1,"featured_media":0,"parent":0,"menu_order":15,"comment_status":"closed","ping_status":"closed","template":"elementor_canvas","meta":{"footnotes":""},"class_list":["post-1145","page","type-page","status-publish",""],"_links":{"self":[{"href":"https:\/\/unissonshaiti.com\/index.php?rest_route=\/wp\/v2\/pages\/1145","targetHints":{"allow":["GET"]}}],"collection":[{"href":"https:\/\/unissonshaiti.com\/index.php?rest_route=\/wp\/v2\/pages"}],"about":[{"href":"https:\/\/unissonshaiti.com\/index.php?rest_route=\/wp\/v2\/types\/page"}],"author":[{"embeddable":true,"href":"https:\/\/unissonshaiti.com\/index.php?rest_route=\/wp\/v2\/users\/1"}],"replies":[{"embeddable":true,"href":"https:\/\/unissonshaiti.com\/index.php?rest_route=%2Fwp%2Fv2%2Fcomments&post=1145"}],"version-history":[{"count":86,"href":"https:\/\/unissonshaiti.com\/index.php?rest_route=\/wp\/v2\/pages\/1145\/revisions"}],"predecessor-version":[{"id":3910,"href":"https:\/\/unissonshaiti.com\/index.php?rest_route=\/wp\/v2\/pages\/1145\/revisions\/3910"}],"wp:attachment":[{"href":"https:\/\/unissonshaiti.com\/index.php?rest_route=%2Fwp%2Fv2%2Fmedia&parent=1145"}],"curies":[{"name":"wp","href":"https:\/\/api.w.org\/{rel}","templated":true}]}}